{"id":2114,"date":"2025-06-25T09:37:01","date_gmt":"2025-06-25T09:37:01","guid":{"rendered":"https:\/\/translogco.com\/politica-de-privacidad\/"},"modified":"2025-06-25T09:37:18","modified_gmt":"2025-06-25T09:37:18","slug":"politica-de-privacidad","status":"publish","type":"page","link":"https:\/\/translogco.com\/es\/politica-de-privacidad\/","title":{"rendered":"Pol\u00edtica de privacidad"},"content":{"rendered":"[vc_row type=\u00bbin_container\u00bb full_screen_row_position=\u00bbmiddle\u00bb column_margin=\u00bbdefault\u00bb column_direction=\u00bbdefault\u00bb column_direction_tablet=\u00bbdefault\u00bb column_direction_phone=\u00bbdefault\u00bb scene_position=\u00bbcenter\u00bb text_color=\u00bbdark\u00bb text_align=\u00bbleft\u00bb row_border_radius=\u00bbnone\u00bb row_border_radius_applies=\u00bbbg\u00bb overflow=\u00bbvisible\u00bb overlay_strength=\u00bb0.3&#8243; gradient_direction=\u00bbleft_to_right\u00bb shape_divider_position=\u00bbbottom\u00bb bg_image_animation=\u00bbnone\u00bb][vc_column column_padding=\u00bbno-extra-padding\u00bb column_padding_tablet=\u00bbinherit\u00bb column_padding_phone=\u00bbinherit\u00bb column_padding_position=\u00bball\u00bb column_element_direction_desktop=\u00bbdefault\u00bb column_element_spacing=\u00bbdefault\u00bb desktop_text_alignment=\u00bbdefault\u00bb tablet_text_alignment=\u00bbdefault\u00bb phone_text_alignment=\u00bbdefault\u00bb background_color_opacity=\u00bb1&#8243; background_hover_color_opacity=\u00bb1&#8243; column_backdrop_filter=\u00bbnone\u00bb column_shadow=\u00bbnone\u00bb column_border_radius=\u00bbnone\u00bb column_link_target=\u00bb_self\u00bb column_position=\u00bbdefault\u00bb gradient_direction=\u00bbleft_to_right\u00bb overlay_strength=\u00bb0.3&#8243; width=\u00bb1\/1&#8243; tablet_width_inherit=\u00bbdefault\u00bb animation_type=\u00bbdefault\u00bb bg_image_animation=\u00bbnone\u00bb border_type=\u00bbsimple\u00bb column_border_width=\u00bbnone\u00bb column_border_style=\u00bbsolid\u00bb][vc_column_text css=\u00bb\u00bb text_direction=\u00bbdefault\u00bb]\n<h3 data-start=\"301\" data-end=\"328\">1. <strong data-start=\"308\" data-end=\"328\">Informaci\u00f3n legal<\/strong><\/h3>\n<p data-start=\"330\" data-end=\"503\">En cumplimiento de la <strong data-start=\"348\" data-end=\"373\">Ley 34\/2002<\/strong> de Servicios de la Sociedad de la Informaci\u00f3n y de Comercio Electr\u00f3nico (LSSI-CE), se facilita la siguiente informaci\u00f3n:<\/p>\n<p data-start=\"505\" data-end=\"950\"><strong data-start=\"505\" data-end=\"523\">Nombre de la empresa<\/strong>: Transports &amp; Logistics Coordinators, S.L<br data-start=\"534\" data-end=\"537\"><strong data-start=\"537\" data-end=\"578\">NIF (n\u00famero de identificaci\u00f3n fiscal)<\/strong>: B-54388947<br data-start=\"594\" data-end=\"597\">Domicilio <strong data-start=\"597\" data-end=\"624\">social<\/strong>: Partida de la Cuadra Nueva, 03150, Dolores (Alicante)<br data-start=\"674\" data-end=\"677\"><strong data-start=\"677\" data-end=\"690\">Tel\u00e9fono<\/strong>: +34 966710171<br data-start=\"710\" data-end=\"713\"><strong data-start=\"713\" data-end=\"733\">Correo electr\u00f3nico de contacto<\/strong>: info@translogco.com<br data-start=\"755\" data-end=\"758\"><strong data-start=\"758\" data-end=\"791\">Responsable de la publicaci\u00f3n<\/strong>: Martina Burnier Gil<br data-start=\"831\" data-end=\"834\"><strong data-start=\"834\" data-end=\"852\">Nombre del dominio<\/strong>: <a href=\"http:\/\/translogco.com\">www.translogco.com<\/a><br data-start=\"886\" data-end=\"889\"><strong data-start=\"889\" data-end=\"908\">Forma jur\u00eddica<\/strong>: Sociedad de responsabilidad limitada (S.L.)<\/p>\n<hr data-start=\"952\" data-end=\"955\">\n<h3 data-start=\"957\" data-end=\"987\">2. <strong data-start=\"964\" data-end=\"987\">Alojamiento del sitio<\/strong><\/h3>\n<p data-start=\"989\" data-end=\"1152\">El sitio est\u00e1 alojado en:<br data-start=\"1014\" data-end=\"1017\"> IONOS<strong data-start=\"1017\" data-end=\"1041\">Cloud S.L.U. <\/strong><br data-start=\"1041\" data-end=\"1044\">Direcci\u00f3n: <strong data-start=\"1017\" data-end=\"1041\">Avenida de la Vega, 1 Edificio Veganova 3 Planta 5 Puerta C Alcobendas 28108 Madrid<\/strong><br data-start=\"1113\" data-end=\"1116\">Sitio web: <a href=\"http:\/\/ionos.es\">ionos.es<\/a><\/p>\n<hr data-start=\"1154\" data-end=\"1157\">\n<h3 data-start=\"1159\" data-end=\"1198\">3. <strong data-start=\"1166\" data-end=\"1198\">Pol\u00edtica de privacidad<\/strong><\/h3>\n<p data-start=\"1200\" data-end=\"1320\">De conformidad con el <strong data-start=\"1216\" data-end=\"1250\">Reglamento (UE) 2016\/679 (RGPD)<\/strong>, TLC S.L. informa a los usuarios de este sitio web de lo siguiente:<\/p>\n<h4 data-start=\"1322\" data-end=\"1347\">Datos recogidos :<\/h4>\n<p data-start=\"1348\" data-end=\"1422\">Recogemos los siguientes datos personales a trav\u00e9s de nuestros formularios:<\/p>\n<ul data-start=\"1423\" data-end=\"1517\">\n<li data-start=\"1423\" data-end=\"1440\">\n<p data-start=\"1425\" data-end=\"1440\">Nombre y apellidos<\/p>\n<\/li>\n<li data-start=\"1441\" data-end=\"1458\">\n<p data-start=\"1443\" data-end=\"1458\">Direcci\u00f3n de correo electr\u00f3nico<\/p>\n<\/li>\n<li data-start=\"1459\" data-end=\"1482\">\n<p data-start=\"1461\" data-end=\"1482\">N\u00famero de tel\u00e9fono<\/p>\n<\/li>\n<li data-start=\"1483\" data-end=\"1501\">\n<p data-start=\"1485\" data-end=\"1501\">Nombre de la empresa<\/p>\n<\/li>\n<li data-start=\"1502\" data-end=\"1517\">\n<p data-start=\"1504\" data-end=\"1517\">Mensaje gratuito<\/p>\n<\/li>\n<\/ul>\n<h4 data-start=\"1519\" data-end=\"1548\">Finalidad del tratamiento :<\/h4>\n<p data-start=\"1549\" data-end=\"1585\">Los datos recogidos se utilizan para :<\/p>\n<ul data-start=\"1586\" data-end=\"1745\">\n<li data-start=\"1586\" data-end=\"1637\">\n<p data-start=\"1588\" data-end=\"1637\">Responder a solicitudes de informaci\u00f3n o presupuestos<\/p>\n<\/li>\n<li data-start=\"1638\" data-end=\"1683\">\n<p data-start=\"1640\" data-end=\"1683\">Mejorar nuestros servicios y la atenci\u00f3n al cliente<\/p>\n<\/li>\n<li data-start=\"1684\" data-end=\"1745\">\n<p data-start=\"1686\" data-end=\"1745\">Enviar comunicaciones estrictamente relacionadas con nuestros servicios<\/p>\n<\/li>\n<\/ul>\n<h4 data-start=\"1747\" data-end=\"1765\">Base jur\u00eddica :<\/h4>\n<p data-start=\"1766\" data-end=\"1941\">El tratamiento se basa en <strong data-start=\"1794\" data-end=\"1827\">el consentimiento del usuario<\/strong> (art\u00edculo 6.1.a del RGPD) y\/o en la<strong data-start=\"1861\" data-end=\"1919\">ejecuci\u00f3n de un contrato o de medidas precontractuales<\/strong> (art\u00edculo 6.1.b del RGPD).<\/p>\n<h4 data-start=\"1943\" data-end=\"1963\">Para :<\/h4>\n<p data-start=\"1964\" data-end=\"2071\">Los datos no se transmiten a terceros, excepto cuando lo exige la ley o cuando se contrata a proveedores de servicios t\u00e9cnicos.<\/p>\n<h4 data-start=\"2073\" data-end=\"2101\">Caducidad :<\/h4>\n<p data-start=\"2102\" data-end=\"2213\">Los datos se conservan durante <strong data-start=\"2138\" data-end=\"2149\">12 meses<\/strong> a partir del \u00faltimo contacto, a menos que la ley exija lo contrario.<\/p>\n<h4 data-start=\"2215\" data-end=\"2245\">Derechos del usuario :<\/h4>\n<p data-start=\"2246\" data-end=\"2323\">De acuerdo con la legislaci\u00f3n vigente, tienes los siguientes derechos:<\/p>\n<ul data-start=\"2324\" data-end=\"2446\">\n<li data-start=\"2324\" data-end=\"2345\">\n<p data-start=\"2326\" data-end=\"2345\">Acceso a tus datos<\/p>\n<\/li>\n<li data-start=\"2346\" data-end=\"2376\">\n<p data-start=\"2348\" data-end=\"2376\">Correcci\u00f3n o supresi\u00f3n<\/p>\n<\/li>\n<li data-start=\"2377\" data-end=\"2417\">\n<p data-start=\"2379\" data-end=\"2417\">Limitaci\u00f3n u oposici\u00f3n al tratamiento<\/p>\n<\/li>\n<li data-start=\"2418\" data-end=\"2446\">\n<p data-start=\"2420\" data-end=\"2446\">Portabilidad de tus datos<\/p>\n<\/li>\n<\/ul>\n<p data-start=\"2448\" data-end=\"2530\">Puedes ejercer tus derechos poni\u00e9ndote en contacto con nosotros en:<br data-start=\"2501\" data-end=\"2504\">\ud83d\udce7 <b>info@translogco.com<\/b><\/p>\n<p data-start=\"2532\" data-end=\"2677\">En caso de litigio, tienes derecho a presentar una reclamaci\u00f3n ante la<strong data-start=\"2610\" data-end=\"2663\">Agencia Espa\u00f1ola de Protecci\u00f3n de Datos (AEPD)<\/strong>: <a class=\"\" href=\"http:\/\/www.aepd.es\" target=\"_new\" rel=\"noopener\" data-start=\"2666\" data-end=\"2677\">www.aepd.es<\/a><\/p>\n<hr data-start=\"2679\" data-end=\"2682\">\n<h3 data-start=\"2684\" data-end=\"2715\">4. <strong data-start=\"2691\" data-end=\"2715\">Pol\u00edtica de cookies<\/strong><\/h3>\n<h4 data-start=\"2717\" data-end=\"2747\">Uso de cookies :<\/h4>\n<p data-start=\"2748\" data-end=\"2782\">Este sitio utiliza cookies para :<\/p>\n<ul data-start=\"2783\" data-end=\"2898\">\n<li data-start=\"2783\" data-end=\"2815\">\n<p data-start=\"2785\" data-end=\"2815\">Garantizar su buen funcionamiento<\/p>\n<\/li>\n<li data-start=\"2816\" data-end=\"2861\">\n<p data-start=\"2818\" data-end=\"2861\">Medici\u00f3n de audiencias (Google Analytics, etc.)<\/p>\n<\/li>\n<li data-start=\"2862\" data-end=\"2898\">\n<p data-start=\"2864\" data-end=\"2898\">Mejorar la experiencia del usuario<\/p>\n<\/li>\n<\/ul>\n<h4 data-start=\"2900\" data-end=\"2923\">Tipos de cookies :<\/h4>\n<ul data-start=\"2924\" data-end=\"3095\">\n<li data-start=\"2924\" data-end=\"2982\">\n<p data-start=\"2926\" data-end=\"2982\"><strong data-start=\"2926\" data-end=\"2948\">Cookies t\u00e9cnicas<\/strong> (obligatorias para la navegaci\u00f3n)<\/p>\n<\/li>\n<li data-start=\"2983\" data-end=\"3028\">\n<p data-start=\"2985\" data-end=\"3028\"><strong data-start=\"2985\" data-end=\"3008\">Cookies anal\u00edticas<\/strong> (con consentimiento)<\/p>\n<\/li>\n<li data-start=\"3029\" data-end=\"3095\">\n<p data-start=\"3031\" data-end=\"3095\"><strong data-start=\"3031\" data-end=\"3051\">Cookies de terceros<\/strong> (por ejemplo, herramientas de marketing, mapas, v\u00eddeos)<\/p>\n<\/li>\n<\/ul>\n<h4 data-start=\"3097\" data-end=\"3116\">Consentimiento :<\/h4>\n<p data-start=\"3117\" data-end=\"3199\">En tu primera visita, se muestra un banner de consentimiento. Puedes : <\/p>\n<ul data-start=\"3200\" data-end=\"3273\">\n<li data-start=\"3200\" data-end=\"3227\">\n<p data-start=\"3202\" data-end=\"3227\">Aceptar todas las cookies<\/p>\n<\/li>\n<li data-start=\"3228\" data-end=\"3241\">\n<p data-start=\"3230\" data-end=\"3241\">Rech\u00e1zalos<\/p>\n<\/li>\n<li data-start=\"3242\" data-end=\"3273\">\n<p data-start=\"3244\" data-end=\"3273\">Personaliza tus preferencias<\/p>\n<\/li>\n<\/ul>\n<p data-start=\"3275\" data-end=\"3372\">\n[\/vc_column_text][\/vc_column][\/vc_row]\n","protected":false},"excerpt":{"rendered":"<p>[vc_row type=\u00bbin_container\u00bb full_screen_row_position=\u00bbmiddle\u00bb column_margin=\u00bbdefault\u00bb column_direction=\u00bbdefault\u00bb column_direction_tablet=\u00bbdefault\u00bb column_direction_phone=\u00bbdefault\u00bb scene_position=\u00bbcenter\u00bb text_color=\u00bbdark\u00bb text_align=\u00bbleft\u00bb row_border_radius=\u00bbnone\u00bb row_border_radius_applies=\u00bbbg\u00bb overflow=\u00bbvisible\u00bb overlay_strength=\u00bb0.3&#8243; gradient_direction=\u00bbleft_to_right\u00bb shape_divider_position=\u00bbbottom\u00bb bg_image_animation=\u00bbnone\u00bb][vc_column column_padding=\u00bbno-extra-padding\u00bb column_padding_tablet=\u00bbinherit\u00bb column_padding_phone=\u00bbinherit\u00bb column_padding_position=\u00bball\u00bb column_element_direction_desktop=\u00bbdefault\u00bb column_element_spacing=\u00bbdefault\u00bb desktop_text_alignment=\u00bbdefault\u00bb tablet_text_alignment=\u00bbdefault\u00bb phone_text_alignment=\u00bbdefault\u00bb background_color_opacity=\u00bb1&#8243; background_hover_color_opacity=\u00bb1&#8243; column_backdrop_filter=\u00bbnone\u00bb column_shadow=\u00bbnone\u00bb&#8230;<\/p>\n","protected":false},"author":1,"featured_media":0,"parent":0,"menu_order":0,"comment_status":"closed","ping_status":"closed","template":"","meta":{"footnotes":""},"class_list":["post-2114","page","type-page","status-publish"],"yoast_head":"<!-- This site is optimized with the Yoast SEO plugin v27.4 - https:\/\/yoast.com\/product\/yoast-seo-wordpress\/ -->\n<title>Pol\u00edtica de privacidad - TLC - Transports &amp; Logistics Coordinators<\/title>\n<meta name=\"robots\" content=\"index, follow, max-snippet:-1, max-image-preview:large, max-video-preview:-1\" \/>\n<link rel=\"canonical\" href=\"https:\/\/translogco.com\/es\/politica-de-privacidad\/\" \/>\n<meta property=\"og:locale\" content=\"es_ES\" \/>\n<meta property=\"og:type\" content=\"article\" \/>\n<meta property=\"og:title\" content=\"Pol\u00edtica de privacidad - TLC - Transports &amp; Logistics Coordinators\" \/>\n<meta property=\"og:description\" content=\"[vc_row type=\u00bbin_container\u00bb full_screen_row_position=\u00bbmiddle\u00bb column_margin=\u00bbdefault\u00bb column_direction=\u00bbdefault\u00bb column_direction_tablet=\u00bbdefault\u00bb column_direction_phone=\u00bbdefault\u00bb scene_position=\u00bbcenter\u00bb text_color=\u00bbdark\u00bb text_align=\u00bbleft\u00bb row_border_radius=\u00bbnone\u00bb row_border_radius_applies=\u00bbbg\u00bb overflow=\u00bbvisible\u00bb overlay_strength=\u00bb0.3&#8243; gradient_direction=\u00bbleft_to_right\u00bb shape_divider_position=\u00bbbottom\u00bb bg_image_animation=\u00bbnone\u00bb][vc_column column_padding=\u00bbno-extra-padding\u00bb column_padding_tablet=\u00bbinherit\u00bb column_padding_phone=\u00bbinherit\u00bb column_padding_position=\u00bball\u00bb column_element_direction_desktop=\u00bbdefault\u00bb column_element_spacing=\u00bbdefault\u00bb desktop_text_alignment=\u00bbdefault\u00bb tablet_text_alignment=\u00bbdefault\u00bb phone_text_alignment=\u00bbdefault\u00bb background_color_opacity=\u00bb1&#8243; background_hover_color_opacity=\u00bb1&#8243; column_backdrop_filter=\u00bbnone\u00bb column_shadow=\u00bbnone\u00bb...\" \/>\n<meta property=\"og:url\" content=\"https:\/\/translogco.com\/es\/politica-de-privacidad\/\" \/>\n<meta property=\"og:site_name\" content=\"TLC - Transports &amp; Logistics Coordinators\" \/>\n<meta property=\"article:publisher\" content=\"https:\/\/www.linkedin.com\/company\/transports-logistics-coordinators-sl\/?original\" \/>\n<meta property=\"article:modified_time\" content=\"2025-06-25T09:37:18+00:00\" \/>\n<meta name=\"twitter:card\" content=\"summary_large_image\" \/>\n<meta name=\"twitter:label1\" content=\"Tiempo de lectura\" \/>\n\t<meta name=\"twitter:data1\" content=\"3 minutos\" \/>\n<script type=\"application\/ld+json\" class=\"yoast-schema-graph\">{\"@context\":\"https:\\\/\\\/schema.org\",\"@graph\":[{\"@type\":\"WebPage\",\"@id\":\"https:\\\/\\\/translogco.com\\\/es\\\/politica-de-privacidad\\\/\",\"url\":\"https:\\\/\\\/translogco.com\\\/es\\\/politica-de-privacidad\\\/\",\"name\":\"Pol\u00edtica de privacidad - TLC - Transports &amp; Logistics Coordinators\",\"isPartOf\":{\"@id\":\"https:\\\/\\\/translogco.com\\\/es\\\/#website\"},\"datePublished\":\"2025-06-25T09:37:01+00:00\",\"dateModified\":\"2025-06-25T09:37:18+00:00\",\"breadcrumb\":{\"@id\":\"https:\\\/\\\/translogco.com\\\/es\\\/politica-de-privacidad\\\/#breadcrumb\"},\"inLanguage\":\"es\",\"potentialAction\":[{\"@type\":\"ReadAction\",\"target\":[\"https:\\\/\\\/translogco.com\\\/es\\\/politica-de-privacidad\\\/\"]}]},{\"@type\":\"BreadcrumbList\",\"@id\":\"https:\\\/\\\/translogco.com\\\/es\\\/politica-de-privacidad\\\/#breadcrumb\",\"itemListElement\":[{\"@type\":\"ListItem\",\"position\":1,\"name\":\"Accueil\",\"item\":\"https:\\\/\\\/translogco.com\\\/es\\\/inicio\\\/\"},{\"@type\":\"ListItem\",\"position\":2,\"name\":\"Pol\u00edtica de privacidad\"}]},{\"@type\":\"WebSite\",\"@id\":\"https:\\\/\\\/translogco.com\\\/es\\\/#website\",\"url\":\"https:\\\/\\\/translogco.com\\\/es\\\/\",\"name\":\"TLC - Transports & Logistics Coordinators\",\"description\":\"Simplifiez vos transports de fret &agrave; l'international\",\"publisher\":{\"@id\":\"https:\\\/\\\/translogco.com\\\/es\\\/#organization\"},\"potentialAction\":[{\"@type\":\"SearchAction\",\"target\":{\"@type\":\"EntryPoint\",\"urlTemplate\":\"https:\\\/\\\/translogco.com\\\/es\\\/?s={search_term_string}\"},\"query-input\":{\"@type\":\"PropertyValueSpecification\",\"valueRequired\":true,\"valueName\":\"search_term_string\"}}],\"inLanguage\":\"es\"},{\"@type\":\"Organization\",\"@id\":\"https:\\\/\\\/translogco.com\\\/es\\\/#organization\",\"name\":\"TLC - Transports & Logistics Coordinators\",\"url\":\"https:\\\/\\\/translogco.com\\\/es\\\/\",\"logo\":{\"@type\":\"ImageObject\",\"inLanguage\":\"es\",\"@id\":\"https:\\\/\\\/translogco.com\\\/es\\\/#\\\/schema\\\/logo\\\/image\\\/\",\"url\":\"https:\\\/\\\/translogco.com\\\/wp-content\\\/uploads\\\/2025\\\/05\\\/Logo-TLC-vectorise-blanc.png\",\"contentUrl\":\"https:\\\/\\\/translogco.com\\\/wp-content\\\/uploads\\\/2025\\\/05\\\/Logo-TLC-vectorise-blanc.png\",\"width\":1300,\"height\":450,\"caption\":\"TLC - Transports & Logistics Coordinators\"},\"image\":{\"@id\":\"https:\\\/\\\/translogco.com\\\/es\\\/#\\\/schema\\\/logo\\\/image\\\/\"},\"sameAs\":[\"https:\\\/\\\/www.linkedin.com\\\/company\\\/transports-logistics-coordinators-sl\\\/?original\",\"https:\\\/\\\/www.instagram.com\\\/tlc_translogco_alicante\\\/\"]}]}<\/script>\n<!-- \/ Yoast SEO plugin. -->","yoast_head_json":{"title":"Pol\u00edtica de privacidad - TLC - Transports &amp; Logistics Coordinators","robots":{"index":"index","follow":"follow","max-snippet":"max-snippet:-1","max-image-preview":"max-image-preview:large","max-video-preview":"max-video-preview:-1"},"canonical":"https:\/\/translogco.com\/es\/politica-de-privacidad\/","og_locale":"es_ES","og_type":"article","og_title":"Pol\u00edtica de privacidad - TLC - Transports &amp; Logistics Coordinators","og_description":"[vc_row type=\u00bbin_container\u00bb full_screen_row_position=\u00bbmiddle\u00bb column_margin=\u00bbdefault\u00bb column_direction=\u00bbdefault\u00bb column_direction_tablet=\u00bbdefault\u00bb column_direction_phone=\u00bbdefault\u00bb scene_position=\u00bbcenter\u00bb text_color=\u00bbdark\u00bb text_align=\u00bbleft\u00bb row_border_radius=\u00bbnone\u00bb row_border_radius_applies=\u00bbbg\u00bb overflow=\u00bbvisible\u00bb overlay_strength=\u00bb0.3&#8243; gradient_direction=\u00bbleft_to_right\u00bb shape_divider_position=\u00bbbottom\u00bb bg_image_animation=\u00bbnone\u00bb][vc_column column_padding=\u00bbno-extra-padding\u00bb column_padding_tablet=\u00bbinherit\u00bb column_padding_phone=\u00bbinherit\u00bb column_padding_position=\u00bball\u00bb column_element_direction_desktop=\u00bbdefault\u00bb column_element_spacing=\u00bbdefault\u00bb desktop_text_alignment=\u00bbdefault\u00bb tablet_text_alignment=\u00bbdefault\u00bb phone_text_alignment=\u00bbdefault\u00bb background_color_opacity=\u00bb1&#8243; background_hover_color_opacity=\u00bb1&#8243; column_backdrop_filter=\u00bbnone\u00bb column_shadow=\u00bbnone\u00bb...","og_url":"https:\/\/translogco.com\/es\/politica-de-privacidad\/","og_site_name":"TLC - Transports &amp; Logistics Coordinators","article_publisher":"https:\/\/www.linkedin.com\/company\/transports-logistics-coordinators-sl\/?original","article_modified_time":"2025-06-25T09:37:18+00:00","twitter_card":"summary_large_image","twitter_misc":{"Tiempo de lectura":"3 minutos"},"schema":{"@context":"https:\/\/schema.org","@graph":[{"@type":"WebPage","@id":"https:\/\/translogco.com\/es\/politica-de-privacidad\/","url":"https:\/\/translogco.com\/es\/politica-de-privacidad\/","name":"Pol\u00edtica de privacidad - TLC - Transports &amp; Logistics Coordinators","isPartOf":{"@id":"https:\/\/translogco.com\/es\/#website"},"datePublished":"2025-06-25T09:37:01+00:00","dateModified":"2025-06-25T09:37:18+00:00","breadcrumb":{"@id":"https:\/\/translogco.com\/es\/politica-de-privacidad\/#breadcrumb"},"inLanguage":"es","potentialAction":[{"@type":"ReadAction","target":["https:\/\/translogco.com\/es\/politica-de-privacidad\/"]}]},{"@type":"BreadcrumbList","@id":"https:\/\/translogco.com\/es\/politica-de-privacidad\/#breadcrumb","itemListElement":[{"@type":"ListItem","position":1,"name":"Accueil","item":"https:\/\/translogco.com\/es\/inicio\/"},{"@type":"ListItem","position":2,"name":"Pol\u00edtica de privacidad"}]},{"@type":"WebSite","@id":"https:\/\/translogco.com\/es\/#website","url":"https:\/\/translogco.com\/es\/","name":"TLC - Transports & Logistics Coordinators","description":"Simplifiez vos transports de fret &agrave; l'international","publisher":{"@id":"https:\/\/translogco.com\/es\/#organization"},"potentialAction":[{"@type":"SearchAction","target":{"@type":"EntryPoint","urlTemplate":"https:\/\/translogco.com\/es\/?s={search_term_string}"},"query-input":{"@type":"PropertyValueSpecification","valueRequired":true,"valueName":"search_term_string"}}],"inLanguage":"es"},{"@type":"Organization","@id":"https:\/\/translogco.com\/es\/#organization","name":"TLC - Transports & Logistics Coordinators","url":"https:\/\/translogco.com\/es\/","logo":{"@type":"ImageObject","inLanguage":"es","@id":"https:\/\/translogco.com\/es\/#\/schema\/logo\/image\/","url":"https:\/\/translogco.com\/wp-content\/uploads\/2025\/05\/Logo-TLC-vectorise-blanc.png","contentUrl":"https:\/\/translogco.com\/wp-content\/uploads\/2025\/05\/Logo-TLC-vectorise-blanc.png","width":1300,"height":450,"caption":"TLC - Transports & Logistics Coordinators"},"image":{"@id":"https:\/\/translogco.com\/es\/#\/schema\/logo\/image\/"},"sameAs":["https:\/\/www.linkedin.com\/company\/transports-logistics-coordinators-sl\/?original","https:\/\/www.instagram.com\/tlc_translogco_alicante\/"]}]}},"_links":{"self":[{"href":"https:\/\/translogco.com\/es\/wp-json\/wp\/v2\/pages\/2114","targetHints":{"allow":["GET"]}}],"collection":[{"href":"https:\/\/translogco.com\/es\/wp-json\/wp\/v2\/pages"}],"about":[{"href":"https:\/\/translogco.com\/es\/wp-json\/wp\/v2\/types\/page"}],"author":[{"embeddable":true,"href":"https:\/\/translogco.com\/es\/wp-json\/wp\/v2\/users\/1"}],"replies":[{"embeddable":true,"href":"https:\/\/translogco.com\/es\/wp-json\/wp\/v2\/comments?post=2114"}],"version-history":[{"count":1,"href":"https:\/\/translogco.com\/es\/wp-json\/wp\/v2\/pages\/2114\/revisions"}],"predecessor-version":[{"id":2116,"href":"https:\/\/translogco.com\/es\/wp-json\/wp\/v2\/pages\/2114\/revisions\/2116"}],"wp:attachment":[{"href":"https:\/\/translogco.com\/es\/wp-json\/wp\/v2\/media?parent=2114"}],"curies":[{"name":"wp","href":"https:\/\/api.w.org\/{rel}","templated":true}]}}